{"id":574,"date":"2023-11-22T02:18:03","date_gmt":"2023-11-22T05:18:03","guid":{"rendered":"https:\/\/duratto.com.br\/?page_id=574"},"modified":"2025-11-07T01:10:08","modified_gmt":"2025-11-07T04:10:08","slug":"qual-produto-devo-usar","status":"publish","type":"page","link":"https:\/\/duratto.com.br\/index.php\/qual-produto-devo-usar\/","title":{"rendered":"QUAL PRODUTO DEVO USAR"},"content":{"rendered":"\t\t<div data-elementor-type=\"wp-page\" data-elementor-id=\"574\" class=\"elementor elementor-574\" data-elementor-post-type=\"page\">\n\t\t\t\t<div class=\"elementor-element elementor-element-51ba8a4 e-flex e-con-boxed e-con e-parent\" data-id=\"51ba8a4\" data-element_type=\"container\" data-e-type=\"container\">\n\t\t\t\t\t<div class=\"e-con-inner\">\n\t\t\t\t<div class=\"elementor-element elementor-element-f319128 elementor-widget elementor-widget-heading\" data-id=\"f319128\" data-element_type=\"widget\" data-e-type=\"widget\" data-widget_type=\"heading.default\">\n\t\t\t\t<div class=\"elementor-widget-container\">\n\t\t\t\t\t<h2 class=\"elementor-heading-title elementor-size-default\">QUAL PRODUTO ESCOLHER?<\/h2>\t\t\t\t<\/div>\n\t\t\t\t<\/div>\n\t\t\t\t<div class=\"elementor-element elementor-element-7aebb65 elementor-widget elementor-widget-text-editor\" data-id=\"7aebb65\" data-element_type=\"widget\" data-e-type=\"widget\" data-widget_type=\"text-editor.default\">\n\t\t\t\t<div class=\"elementor-widget-container\">\n\t\t\t\t\t\t\t\t\t<p>Se voc\u00ea est\u00e1 tendo dificuldades para escolher o seu produto, n\u00e3o se preocupe! Estamos aqui para ajud\u00e1-lo. Basta selecionar os filtros abaixo para encontrar o produto que melhor atende \u00e0s suas necessidades.<\/p>\t\t\t\t\t\t\t\t<\/div>\n\t\t\t\t<\/div>\n\t\t\t\t\t<\/div>\n\t\t\t\t<\/div>\n\t\t<div class=\"elementor-element elementor-element-b1f1686 e-con-full e-flex e-con e-parent\" data-id=\"b1f1686\" data-element_type=\"container\" data-e-type=\"container\">\n\t\t<div class=\"elementor-element elementor-element-deac696 e-con-full e-flex e-con e-child\" data-id=\"deac696\" data-element_type=\"container\" data-e-type=\"container\" data-settings=\"{&quot;background_background&quot;:&quot;classic&quot;}\">\n\t\t\t\t<div class=\"elementor-element elementor-element-01d71b2 jet-smart-filter-content-position-line jet-smart-filter-content-position-line jet-smart-filter-group-position-line jet-smart-filter-group-position-column elementor-widget__width-inherit elementor-widget-mobile__width-initial elementor-widget elementor-widget-jet-smart-filters-select\" data-id=\"01d71b2\" data-element_type=\"widget\" data-e-type=\"widget\" data-widget_type=\"jet-smart-filters-select.default\">\n\t\t\t\t<div class=\"elementor-widget-container\">\n\t\t\t\t\t<div class=\"jet-smart-filters-hierarchy jet-filter \" data-indexer-rule=\"show\" data-show-counter=\"\" data-change-counter=\"always\"><div class=\"jet-filters-group\">\n<div class=\"jet-select\" data-query-type=\"tax_query\" data-query-var=\"qual-a-superficie\" data-smart-filter=\"select\" data-filter-id=\"1685\" data-apply-type=\"ajax\" data-content-provider=\"jet-engine\" data-additional-providers=\"\" data-query-id=\"result\" data-active-label=\"\" data-layout-options=\"{&quot;show_label&quot;:&quot;&quot;,&quot;display_options&quot;:{&quot;show_items_label&quot;:false,&quot;show_decorator&quot;:false,&quot;filter_image_size&quot;:&quot;full&quot;,&quot;show_counter&quot;:false}}\" data-query-var-suffix=\"\" data-apply-on=\"submit\" data-hierarchical=\"1\">\n\t\t\t\t<select\n\t\t\tclass=\"jet-select__control depth-0\"\n\t\t\tname=\"qual-a-superficie\"\n\t\t\t\t\t\taria-label=\"Qual produto usar\"\n\t\t>\n\t\t\t\t\t<option value=\"\">Qual a superf\u00edcie <\/option>\n\t\t\n\t\t<\/select>\n\t<\/div>\n<div class=\"jet-select\" data-query-type=\"tax_query\" data-query-var=\"qual-tipo-desse-superficie-\" data-smart-filter=\"select\" data-filter-id=\"1685\" data-apply-type=\"ajax\" data-content-provider=\"jet-engine\" data-additional-providers=\"\" data-query-id=\"result\" data-active-label=\"\" data-layout-options=\"{&quot;show_label&quot;:&quot;&quot;,&quot;display_options&quot;:{&quot;show_items_label&quot;:false,&quot;show_decorator&quot;:false,&quot;filter_image_size&quot;:&quot;full&quot;,&quot;show_counter&quot;:false}}\" data-query-var-suffix=\"\" data-apply-on=\"submit\" data-hierarchical=\"1\">\n\t\t\t\t<select\n\t\t\tclass=\"jet-select__control depth-1\"\n\t\t\tname=\"qual-tipo-desse-superficie-\"\n\t\t\t\t\t\taria-label=\"Qual produto usar\"\n\t\t>\n\t\t\t\t\t<option value=\"\">Qual tipo dessa superf\u00edcie ?<\/option>\n\t\t\n\t\t<\/select>\n\t<\/div>\n<div class=\"jet-select\" data-query-type=\"tax_query\" data-query-var=\"para-qual-necessidade\" data-smart-filter=\"select\" data-filter-id=\"1685\" data-apply-type=\"ajax\" data-content-provider=\"jet-engine\" data-additional-providers=\"\" data-query-id=\"result\" data-active-label=\"\" data-layout-options=\"{&quot;show_label&quot;:&quot;&quot;,&quot;display_options&quot;:{&quot;show_items_label&quot;:false,&quot;show_decorator&quot;:false,&quot;filter_image_size&quot;:&quot;full&quot;,&quot;show_counter&quot;:false}}\" data-query-var-suffix=\"\" data-apply-on=\"submit\" data-hierarchical=\"1\">\n\t\t\t\t<select\n\t\t\tclass=\"jet-select__control depth-2\"\n\t\t\tname=\"para-qual-necessidade\"\n\t\t\t\t\t\taria-label=\"Qual produto usar\"\n\t\t>\n\t\t\t\t\t<option value=\"\">Para qual necessidade ?<\/option>\n\t\t\n\t\t<\/select>\n\t<\/div>\n<div class=\"jet-select\" data-query-type=\"tax_query\" data-query-var=\"para-qual-situacao\" data-smart-filter=\"select\" data-filter-id=\"1685\" data-apply-type=\"ajax\" data-content-provider=\"jet-engine\" data-additional-providers=\"\" data-query-id=\"result\" data-active-label=\"\" data-layout-options=\"{&quot;show_label&quot;:&quot;&quot;,&quot;display_options&quot;:{&quot;show_items_label&quot;:false,&quot;show_decorator&quot;:false,&quot;filter_image_size&quot;:&quot;full&quot;,&quot;show_counter&quot;:false}}\" data-query-var-suffix=\"\" data-apply-on=\"submit\" data-hierarchical=\"1\">\n\t\t\t\t<select\n\t\t\tclass=\"jet-select__control depth-3\"\n\t\t\tname=\"para-qual-situacao\"\n\t\t\t\t\t\taria-label=\"Qual produto usar\"\n\t\t>\n\t\t\t\t\t<option value=\"\">Para qual situa\u00e7\u00e3o ?<\/option>\n\t\t\n\t\t<\/select>\n\t<\/div>\n<\/div>\n<\/div>\t\t\t\t<\/div>\n\t\t\t\t<\/div>\n\t\t\t\t<div class=\"elementor-element elementor-element-d62771a elementor-widget elementor-widget-jet-smart-filters-apply-button\" data-id=\"d62771a\" data-element_type=\"widget\" data-e-type=\"widget\" data-widget_type=\"jet-smart-filters-apply-button.default\">\n\t\t\t\t<div class=\"elementor-widget-container\">\n\t\t\t\t\t<div class=\"jet-smart-filters-apply-button jet-filter\"><div class=\"apply-filters\"  data-content-provider=\"jet-engine\" data-query-id=\"result\" data-additional-providers=\"\" data-apply-type=\"reload\" data-redirect=\"yes\" data-redirect-path=\"\/index.php\/resultado-final\/\">\n\t<button\n\t\ttype=\"button\"\n\t\tclass=\"apply-filters__button\"\n\t\t\t\t\t>FILTRAR<\/button>\n<\/div><\/div>\t\t\t\t<\/div>\n\t\t\t\t<\/div>\n\t\t\t\t<\/div>\n\t\t\t\t<\/div>\n\t\t\t\t<\/div>\n\t\t","protected":false},"excerpt":{"rendered":"<p>QUAL PRODUTO ESCOLHER? Se voc\u00ea est\u00e1 tendo dificuldades para escolher o seu produto, n\u00e3o se preocupe! Estamos aqui para ajud\u00e1-lo. Basta selecionar os filtros abaixo para encontrar o produto que melhor atende \u00e0s suas necessidades. Qual a superf\u00edcie Qual tipo dessa superf\u00edcie ? Para qual necessidade ? Para qual situa\u00e7\u00e3o ? FILTRAR<\/p>\n","protected":false},"author":1,"featured_media":0,"parent":0,"menu_order":0,"comment_status":"closed","ping_status":"closed","template":"elementor_header_footer","meta":{"_joinchat":[],"footnotes":""},"class_list":["post-574","page","type-page","status-publish","hentry"],"_links":{"self":[{"href":"https:\/\/duratto.com.br\/index.php\/wp-json\/wp\/v2\/pages\/574","targetHints":{"allow":["GET"]}}],"collection":[{"href":"https:\/\/duratto.com.br\/index.php\/wp-json\/wp\/v2\/pages"}],"about":[{"href":"https:\/\/duratto.com.br\/index.php\/wp-json\/wp\/v2\/types\/page"}],"author":[{"embeddable":true,"href":"https:\/\/duratto.com.br\/index.php\/wp-json\/wp\/v2\/users\/1"}],"replies":[{"embeddable":true,"href":"https:\/\/duratto.com.br\/index.php\/wp-json\/wp\/v2\/comments?post=574"}],"version-history":[{"count":3,"href":"https:\/\/duratto.com.br\/index.php\/wp-json\/wp\/v2\/pages\/574\/revisions"}],"predecessor-version":[{"id":2566,"href":"https:\/\/duratto.com.br\/index.php\/wp-json\/wp\/v2\/pages\/574\/revisions\/2566"}],"wp:attachment":[{"href":"https:\/\/duratto.com.br\/index.php\/wp-json\/wp\/v2\/media?parent=574"}],"curies":[{"name":"wp","href":"https:\/\/api.w.org\/{rel}","templated":true}]}}