{"id":93,"date":"2023-11-01T09:33:08","date_gmt":"2023-11-01T12:33:08","guid":{"rendered":"https:\/\/duratto.com.br\/?page_id=93"},"modified":"2025-11-07T00:49:06","modified_gmt":"2025-11-07T03:49:06","slug":"empresa","status":"publish","type":"page","link":"https:\/\/duratto.com.br\/index.php\/empresa\/","title":{"rendered":"Empresa"},"content":{"rendered":"\t\t<div data-elementor-type=\"wp-page\" data-elementor-id=\"93\" class=\"elementor elementor-93\" data-elementor-post-type=\"page\">\n\t\t\t\t<div class=\"elementor-element elementor-element-4bb29716 e-flex e-con-boxed e-con e-parent\" data-id=\"4bb29716\" data-element_type=\"container\" data-e-type=\"container\" data-settings=\"{&quot;background_background&quot;:&quot;classic&quot;}\">\n\t\t\t\t\t<div class=\"e-con-inner\">\n\t\t\t\t<div class=\"elementor-element elementor-element-10260b6a elementor-widget elementor-widget-heading\" data-id=\"10260b6a\" data-element_type=\"widget\" data-e-type=\"widget\" data-widget_type=\"heading.default\">\n\t\t\t\t<div class=\"elementor-widget-container\">\n\t\t\t\t\t<h2 class=\"elementor-heading-title elementor-size-default\">Empresa<\/h2>\t\t\t\t<\/div>\n\t\t\t\t<\/div>\n\t\t\t\t\t<\/div>\n\t\t\t\t<\/div>\n\t\t<div class=\"elementor-element elementor-element-123bc04d e-con-full e-flex e-con e-parent\" data-id=\"123bc04d\" data-element_type=\"container\" data-e-type=\"container\">\n\t\t<div class=\"elementor-element elementor-element-2d7f10a6 e-con-full e-flex e-con e-child\" data-id=\"2d7f10a6\" data-element_type=\"container\" data-e-type=\"container\">\n\t\t\t\t<div class=\"elementor-element elementor-element-9d01718 elementor-widget elementor-widget-google_maps\" data-id=\"9d01718\" data-element_type=\"widget\" data-e-type=\"widget\" data-widget_type=\"google_maps.default\">\n\t\t\t\t<div class=\"elementor-widget-container\">\n\t\t\t\t\t\t\t<div class=\"elementor-custom-embed\">\n\t\t\t<iframe loading=\"lazy\"\n\t\t\t\t\tsrc=\"https:\/\/maps.google.com\/maps?q=Avenida%20Affonso%20Pansan%2C%201051&#038;t=m&#038;z=13&#038;output=embed&#038;iwloc=near\"\n\t\t\t\t\ttitle=\"Avenida Affonso Pansan, 1051\"\n\t\t\t\t\taria-label=\"Avenida Affonso Pansan, 1051\"\n\t\t\t><\/iframe>\n\t\t<\/div>\n\t\t\t\t\t\t<\/div>\n\t\t\t\t<\/div>\n\t\t\t\t<\/div>\n\t\t<div class=\"elementor-element elementor-element-6e47c1fc e-con-full e-flex e-con e-child\" data-id=\"6e47c1fc\" data-element_type=\"container\" data-e-type=\"container\" data-settings=\"{&quot;background_background&quot;:&quot;classic&quot;}\">\n\t\t\t\t<div class=\"elementor-element elementor-element-602eedfc elementor-widget elementor-widget-heading\" data-id=\"602eedfc\" data-element_type=\"widget\" data-e-type=\"widget\" data-widget_type=\"heading.default\">\n\t\t\t\t<div class=\"elementor-widget-container\">\n\t\t\t\t\t<div class=\"elementor-heading-title elementor-size-default\">Quem somos<\/div>\t\t\t\t<\/div>\n\t\t\t\t<\/div>\n\t\t\t\t<div class=\"elementor-element elementor-element-1804ea1b elementor-widget elementor-widget-heading\" data-id=\"1804ea1b\" data-element_type=\"widget\" data-e-type=\"widget\" data-widget_type=\"heading.default\">\n\t\t\t\t<div class=\"elementor-widget-container\">\n\t\t\t\t\t<h3 class=\"elementor-heading-title elementor-size-default\">Conhe\u00e7a um pouco da nossa hist\u00f3ria<\/h3>\t\t\t\t<\/div>\n\t\t\t\t<\/div>\n\t\t\t\t<div class=\"elementor-element elementor-element-385eb345 elementor-widget elementor-widget-text-editor\" data-id=\"385eb345\" data-element_type=\"widget\" data-e-type=\"widget\" data-widget_type=\"text-editor.default\">\n\t\t\t\t<div class=\"elementor-widget-container\">\n\t\t\t\t\t\t\t\t\t<p>A Duratto est\u00e1 no mercado h\u00e1 20 anos e foi a pioneira no Brasil em oferecer produtos de limpeza para o segmento da Constru\u00e7\u00e3o Civil. Gra\u00e7as ao seu ineditismo, seriedade e \u00f3timos produtos, \u00e9 at\u00e9 hoje a marca mais vendida de produtos de limpeza neste segmento, tornando-se a principal refer\u00eancia em todo territ\u00f3rio brasileiro e em alguns pa\u00edses da Am\u00e9rica do Sul. Oferecer solu\u00e7\u00f5es faz parte de nosso DNA e isso s\u00f3 refor\u00e7a nossa paix\u00e3o por inovar e proporcionar um dia a dia mais pr\u00e1tico para voc\u00ea, nosso consumidor. Consulte a aba \u201cprodutos\u201d e saiba mais sobre toda a nossa linha\u2026<\/p>\t\t\t\t\t\t\t\t<\/div>\n\t\t\t\t<\/div>\n\t\t\t\t<\/div>\n\t\t\t\t<\/div>\n\t\t\t\t<\/div>\n\t\t","protected":false},"excerpt":{"rendered":"<p>Empresa Quem somos Conhe\u00e7a um pouco da nossa hist\u00f3ria A Duratto est\u00e1 no mercado h\u00e1 20 anos e foi a pioneira no Brasil em oferecer produtos de limpeza para o segmento da Constru\u00e7\u00e3o Civil. Gra\u00e7as ao seu ineditismo, seriedade e \u00f3timos produtos, \u00e9 at\u00e9 hoje a marca mais vendida de produtos de limpeza neste segmento, [&hellip;]<\/p>\n","protected":false},"author":1,"featured_media":0,"parent":0,"menu_order":0,"comment_status":"closed","ping_status":"closed","template":"elementor_header_footer","meta":{"_joinchat":[],"footnotes":""},"class_list":["post-93","page","type-page","status-publish","hentry"],"_links":{"self":[{"href":"https:\/\/duratto.com.br\/index.php\/wp-json\/wp\/v2\/pages\/93","targetHints":{"allow":["GET"]}}],"collection":[{"href":"https:\/\/duratto.com.br\/index.php\/wp-json\/wp\/v2\/pages"}],"about":[{"href":"https:\/\/duratto.com.br\/index.php\/wp-json\/wp\/v2\/types\/page"}],"author":[{"embeddable":true,"href":"https:\/\/duratto.com.br\/index.php\/wp-json\/wp\/v2\/users\/1"}],"replies":[{"embeddable":true,"href":"https:\/\/duratto.com.br\/index.php\/wp-json\/wp\/v2\/comments?post=93"}],"version-history":[{"count":3,"href":"https:\/\/duratto.com.br\/index.php\/wp-json\/wp\/v2\/pages\/93\/revisions"}],"predecessor-version":[{"id":2547,"href":"https:\/\/duratto.com.br\/index.php\/wp-json\/wp\/v2\/pages\/93\/revisions\/2547"}],"wp:attachment":[{"href":"https:\/\/duratto.com.br\/index.php\/wp-json\/wp\/v2\/media?parent=93"}],"curies":[{"name":"wp","href":"https:\/\/api.w.org\/{rel}","templated":true}]}}